{"id":339,"date":"2024-02-21T20:15:56","date_gmt":"2024-02-22T01:15:56","guid":{"rendered":"https:\/\/evangelizacion.com\/eesa\/?page_id=339"},"modified":"2025-06-20T12:57:48","modified_gmt":"2025-06-20T17:57:48","slug":"lanzando-redes","status":"publish","type":"page","link":"https:\/\/evangelizacion.com\/eesa\/lanzando-redes\/","title":{"rendered":"Lanzando redes del otro lado"},"content":{"rendered":"<p>[et_pb_section fb_built=\u00bb1&#8243; admin_label=\u00bbHeader\u00bb _builder_version=\u00bb4.19.2&#8243; _module_preset=\u00bbdefault\u00bb use_background_color_gradient=\u00bbon\u00bb background_color_gradient_direction=\u00bb90deg\u00bb background_color_gradient_stops=\u00bb#6f318f 9%|rgba(0,0,0,0.47) 100%\u00bb background_color_gradient_overlays_image=\u00bbon\u00bb background_image=\u00bbhttps:\/\/evangelizacion.com\/eesa\/wp-content\/uploads\/2024\/02\/fondo-echatured-largo-scaled.jpg\u00bb custom_padding=\u00bb0px||0px||true|false\u00bb collapsed=\u00bbon\u00bb global_colors_info=\u00bb{}\u00bb][et_pb_row _builder_version=\u00bb4.23.2&#8243; _module_preset=\u00bbdefault\u00bb background_image=\u00bbhttps:\/\/evangelizacion.com\/eesa\/wp-content\/uploads\/2024\/02\/test2.png\u00bb width=\u00bb100%\u00bb max_width=\u00bbnone\u00bb custom_margin=\u00bb|auto|-4px|auto||\u00bb custom_padding=\u00bb15vw|10%|15vw|10%|true|true\u00bb global_colors_info=\u00bb{}\u00bb][et_pb_column type=\u00bb4_4&#8243; _builder_version=\u00bb4.22.1&#8243; _module_preset=\u00bbdefault\u00bb global_colors_info=\u00bb{}\u00bb][et_pb_text _builder_version=\u00bb4.23.2&#8243; _module_preset=\u00bb3871b22d-ad7e-45f1-bb16-00ef9e732470&#8243; header_text_color=\u00bb#000000&#8243; width=\u00bb60%\u00bb custom_margin=\u00bb||10px||false|false\u00bb header_font_size_tablet=\u00bb5vw\u00bb header_font_size_phone=\u00bb5vw\u00bb header_font_size_last_edited=\u00bboff|phone\u00bb global_colors_info=\u00bb{}\u00bb]<\/p>\n<h1>Lanzando redes<br \/>del otro lado<\/h1>\n<p>[\/et_pb_text][et_pb_text _builder_version=\u00bb4.19.2&#8243; _module_preset=\u00bb60176414-fe5c-4536-810e-c0b0b655bd44&#8243; header_6_text_color=\u00bb#000000&#8243; width=\u00bb60%\u00bb global_colors_info=\u00bb{}\u00bb]<\/p>\n<h6>Formaci\u00f3n y Capacitaci\u00f3n del Equipo Local de servicio EESA<\/h6>\n<p>[\/et_pb_text][et_pb_button button_url=\u00bb#TodosSomosEESA\u00bb button_text=\u00bbREGISTRAR UN EQUIPO DE SERVICIO\u00bb _builder_version=\u00bb4.19.2&#8243; _module_preset=\u00bbc8d86b8a-d316-4528-b381-df3ad4ed313e\u00bb global_colors_info=\u00bb{%22gcid-0a41bebc-0107-48f7-8173-6190cad71074%22:%91%22button_bg_color%22,%22box_shadow_color%22%93}\u00bb][\/et_pb_button][et_pb_button button_url=\u00bb#LaboratorioMinisteriosEESA\u00bb button_text=\u00bbINSCRIPCI\u00d3N A LABORATORIO MINISTERIOS EESA\u00bb _builder_version=\u00bb4.26.0&#8243; _module_preset=\u00bbc8d86b8a-d316-4528-b381-df3ad4ed313e\u00bb button_bg_color=\u00bb#F7F3BF\u00bb box_shadow_color=\u00bb#007FE0&#8243; global_colors_info=\u00bb{%22gcid-0a41bebc-0107-48f7-8173-6190cad71074%22:%91%22button_bg_color%22,%22button_bg_color%22%93}\u00bb][\/et_pb_button][\/et_pb_column][\/et_pb_row][\/et_pb_section][et_pb_section fb_built=\u00bb1&#8243; fullwidth=\u00bbon\u00bb _builder_version=\u00bb4.19.2&#8243; _module_preset=\u00bbdefault\u00bb global_colors_info=\u00bb{}\u00bb][et_pb_fullwidth_header title=\u00bb\u00bfQu\u00e9 es %22Lanzando redes del otro lado?\u00bb _builder_version=\u00bb4.19.2&#8243; _module_preset=\u00bbdefault\u00bb content_font_size=\u00bb17px\u00bb background_color=\u00bb#007FE0&#8243; global_colors_info=\u00bb{}\u00bb]<\/p>\n<p><strong>LANZANDO REDES DEL OTRO LADO<\/strong>, es un itinerario de formaci\u00f3n y capacitaci\u00f3n con la finalidad de actualizar en la visi\u00f3n y metodolog\u00eda EESA a las personas que colaboran como parte de un Equipo Local de servicio.<\/p>\n<p>[\/et_pb_fullwidth_header][\/et_pb_section][et_pb_section fb_built=\u00bb1&#8243; admin_label=\u00bbAcerca\u00bb _builder_version=\u00bb4.19.2&#8243; _module_preset=\u00bbdefault\u00bb custom_padding=\u00bb26px||22px|||\u00bb collapsed=\u00bbon\u00bb global_colors_info=\u00bb{}\u00bb][et_pb_row column_structure=\u00bb3_4,1_4&#8243; custom_padding_last_edited=\u00bbon|tablet\u00bb _builder_version=\u00bb4.22.1&#8243; _module_preset=\u00bbdefault\u00bb max_width=\u00bb840px\u00bb custom_padding_tablet=\u00bb||0px||false|false\u00bb custom_padding_phone=\u00bb||0px||false|false\u00bb global_colors_info=\u00bb{}\u00bb][et_pb_column type=\u00bb3_4&#8243; _builder_version=\u00bb4.22.1&#8243; _module_preset=\u00bbdefault\u00bb global_colors_info=\u00bb{}\u00bb][et_pb_image src=\u00bbhttps:\/\/evangelizacion.com\/eesa\/wp-content\/uploads\/2024\/02\/misioneros.png\u00bb title_text=\u00bbmisioneros\u00bb _builder_version=\u00bb4.19.2&#8243; _module_preset=\u00bbdefault\u00bb custom_margin=\u00bb||-50%||false|false\u00bb custom_margin_tablet=\u00bb||0%||false|false\u00bb custom_margin_phone=\u00bb||0%||false|false\u00bb custom_margin_last_edited=\u00bbon|tablet\u00bb scroll_vertical_motion_enable=\u00bbon\u00bb scroll_vertical_motion=\u00bb0|50|50|100|1|0|-1&#8243; locked=\u00bboff\u00bb global_colors_info=\u00bb{}\u00bb][\/et_pb_image][\/et_pb_column][et_pb_column type=\u00bb1_4&#8243; _builder_version=\u00bb4.22.1&#8243; _module_preset=\u00bbdefault\u00bb global_colors_info=\u00bb{}\u00bb][\/et_pb_column][\/et_pb_row][et_pb_row column_structure=\u00bb2_5,3_5&#8243; custom_padding_last_edited=\u00bbon|tablet\u00bb _builder_version=\u00bb4.22.1&#8243; _module_preset=\u00bbdefault\u00bb max_width=\u00bb840px\u00bb custom_padding_tablet=\u00bb0px||||false|false\u00bb custom_padding_phone=\u00bb0px||||false|false\u00bb global_colors_info=\u00bb{}\u00bb][et_pb_column type=\u00bb2_5&#8243; _builder_version=\u00bb4.22.1&#8243; _module_preset=\u00bbdefault\u00bb global_colors_info=\u00bb{}\u00bb][\/et_pb_column][et_pb_column type=\u00bb3_5&#8243; _builder_version=\u00bb4.22.1&#8243; _module_preset=\u00bbdefault\u00bb background_color=\u00bbgcid-0a41bebc-0107-48f7-8173-6190cad71074&#8243; custom_padding=\u00bb40px|40px|40px|40px|true|true\u00bb custom_padding_tablet=\u00bb30px|30px|30px|30px|true|true\u00bb custom_padding_phone=\u00bb20px|20px|20px|20px|true|true\u00bb custom_padding_last_edited=\u00bbon|desktop\u00bb global_colors_info=\u00bb{%22gcid-0a41bebc-0107-48f7-8173-6190cad71074%22:%91%22background_color%22%93}\u00bb][et_pb_text _builder_version=\u00bb4.19.2&#8243; _module_preset=\u00bb017d36b0-c924-4422-92cf-16cec7b6d6a1&#8243; header_2_text_color=\u00bb#000000&#8243; custom_margin=\u00bb||10px||false|false\u00bb global_colors_info=\u00bb{}\u00bb]<\/p>\n<h2>FORMACI\u00d3N, CAPACITACI\u00d3N Y ACTUALIZACI\u00d3N<\/h2>\n<p>[\/et_pb_text][et_pb_text _builder_version=\u00bb4.19.2&#8243; _module_preset=\u00bb60176414-fe5c-4536-810e-c0b0b655bd44&#8243; global_colors_info=\u00bb{}\u00bb]<\/p>\n<h6>PARA los miembros de los equipos de las Escuelas <br \/>de evangelizaci\u00f3n san andr\u00e9s<\/h6>\n<p>[\/et_pb_text][et_pb_text _builder_version=\u00bb4.19.2&#8243; _module_preset=\u00bb37e5bde3-c38c-4c7b-9a52-bc7b4764ca67&#8243; text_font_size=\u00bb17px\u00bb text_line_height=\u00bb1.7em\u00bb global_colors_info=\u00bb{}\u00bb]<\/p>\n<p style=\"text-align: justify;\">Queremos direccionar y potenciar la colaboraci\u00f3n de las <strong>personas comprometidas con el Proyecto San Andr\u00e9s<\/strong>, hacia un mejor desempe\u00f1o, buscando la <strong>calidad en el servicio<\/strong> para llevar la <strong>Palabra de Dios<\/strong> a trav\u00e9s de este proyecto evangelizador.<\/p>\n<p style=\"text-align: justify;\">Esperamos pueda ser tambi\u00e9n, una gran oportunidad de<strong> colaboraci\u00f3n entre la Oficina Internacional EESA y tu Escuela Local<\/strong>, para apoyar con nuevas formas en el compartir como el mundo necesita.<\/p>\n<p>[\/et_pb_text][et_pb_button button_url=\u00bb#TodosSomosEESA\u00bb button_text=\u00bb\u00a1Registra tu equipo!\u00bb _builder_version=\u00bb4.19.2&#8243; _module_preset=\u00bb8c3e9883-8787-4fd4-b4d2-49b959325d28&#8243; global_colors_info=\u00bb{%22gcid-aa58ace8-f27f-4d3e-bff4-606cd9606937%22:%91%22box_shadow_color%22%93}\u00bb][\/et_pb_button][\/et_pb_column][\/et_pb_row][\/et_pb_section][et_pb_section fb_built=\u00bb1&#8243; admin_label=\u00bbEtapas\u00bb _builder_version=\u00bb4.19.2&#8243; _module_preset=\u00bbdefault\u00bb background_color=\u00bb#F3F0FF\u00bb custom_padding=\u00bb32px|||||\u00bb collapsed=\u00bbon\u00bb global_colors_info=\u00bb{}\u00bb][et_pb_row _builder_version=\u00bb4.19.2&#8243; _module_preset=\u00bbdefault\u00bb global_colors_info=\u00bb{}\u00bb][et_pb_column type=\u00bb4_4&#8243; _builder_version=\u00bb4.19.2&#8243; _module_preset=\u00bbdefault\u00bb global_colors_info=\u00bb{}\u00bb][et_pb_text _builder_version=\u00bb4.19.2&#8243; _module_preset=\u00bbdefault\u00bb text_font_size=\u00bb20px\u00bb text_line_height=\u00bb1.8em\u00bb custom_margin=\u00bb||-9px|||\u00bb global_colors_info=\u00bb{}\u00bb]<\/p>\n<p style=\"text-align: justify;\"><strong>\u201cLANZANDO REDES DEL OTRO LADO\u201d <\/strong>es un itinerario que se desarrolla en varias estapas:<\/p>\n<p>[\/et_pb_text][\/et_pb_column][\/et_pb_row][et_pb_row _builder_version=\u00bb4.19.2&#8243; _module_preset=\u00bbdefault\u00bb global_colors_info=\u00bb{}\u00bb][et_pb_column type=\u00bb4_4&#8243; _builder_version=\u00bb4.19.2&#8243; _module_preset=\u00bbdefault\u00bb global_colors_info=\u00bb{}\u00bb][et_pb_slider arrows_custom_color=\u00bb#FFFFFF\u00bb _builder_version=\u00bb4.26.0&#8243; _module_preset=\u00bbdefault\u00bb body_font_size=\u00bb16px\u00bb global_colors_info=\u00bb{}\u00bb][et_pb_slide heading=\u00bbTODOS SOMOS EESA\u00bb button_text=\u00bbRegistrar Equipo\u00bb button_link=\u00bb#TodosSomosEESA\u00bb image=\u00bbhttps:\/\/evangelizacion.com\/eesa\/wp-content\/uploads\/2024\/02\/PortadaLogoConstrucionInt.png\u00bb _builder_version=\u00bb4.19.2&#8243; _module_preset=\u00bbdefault\u00bb background_color=\u00bb#007FE0&#8243; background_enable_color=\u00bbon\u00bb use_background_color_gradient=\u00bbon\u00bb background_color_gradient_stops=\u00bb#F7F3BF 0%|#b598dc 100%\u00bb global_colors_info=\u00bb{}\u00bb sticky_transition=\u00bbon\u00bb]<\/p>\n<p>En esta primera etapa, haremos contacto con las Escuelas San Andr\u00e9s y comunidades donde se est\u00e1n dando los cursos del Programa de Formaci\u00f3n \u00a0EESA.<\/p>\n<p>[\/et_pb_slide][et_pb_slide heading=\u00bbLABORATORIO MINISTERIOS EESA\u00bb button_text=\u00bbInscribir Participante\u00bb button_link=\u00bb#LaboratorioMinisteriosEESA\u00bb image=\u00bbhttps:\/\/evangelizacion.com\/eesa\/wp-content\/uploads\/2024\/02\/Metodologia.png\u00bb _builder_version=\u00bb4.26.0&#8243; _module_preset=\u00bbdefault\u00bb background_color=\u00bbRGBA(255,255,255,0)\u00bb background_enable_color=\u00bbon\u00bb use_background_color_gradient=\u00bbon\u00bb global_colors_info=\u00bb{}\u00bb sticky_transition=\u00bbon\u00bb]<\/p>\n<p>En la segunda etapa, iniciaremos un proceso de <strong>Formaci\u00f3n y Capacitaci\u00f3n<\/strong> para reproducir los primeros cursos del <strong>Programa de Formaci\u00f3n San Andr\u00e9s<\/strong>.<\/p>\n<p>Ya est\u00e1 disponible la inscripci\u00f3n para el primer laboratorio. Llena tu solicitud dando clic en el bot\u00f3n:<\/p>\n<p>[\/et_pb_slide][et_pb_slide heading=\u00bbMISI\u00d3N ANTIOQU\u00cdA\u00bb button_text=\u00bbEn preparaci\u00f3n&#8230;\u00bb image=\u00bbhttps:\/\/evangelizacion.com\/eesa\/wp-content\/uploads\/2024\/02\/EquipoInternacional-PaginaWeb.png\u00bb _builder_version=\u00bb4.19.2&#8243; _module_preset=\u00bbdefault\u00bb background_color=\u00bbRGBA(255,255,255,0)\u00bb background_enable_color=\u00bbon\u00bb use_background_color_gradient=\u00bbon\u00bb background_color_gradient_stops=\u00bb#F7F3BF 0%|#dbb976 100%\u00bb global_colors_info=\u00bb{}\u00bb sticky_transition=\u00bbon\u00bb]<\/p>\n<p>En esta tercera etapa, vamos a conformar un <strong>equipo de colaboradores y promotores<\/strong> de las Escuelas de Evangelizaci\u00f3n San Andr\u00e9s.<\/p>\n<p>[\/et_pb_slide][et_pb_slide heading=\u00bbYO SOY SAN ANDR\u00c9S\u00bb button_text=\u00bbEn preparaci\u00f3n&#8230;\u00bb image=\u00bbhttps:\/\/evangelizacion.com\/eesa\/wp-content\/uploads\/2024\/02\/Vision-San-Andres.png\u00bb _builder_version=\u00bb4.19.2&#8243; _module_preset=\u00bbdefault\u00bb background_color=\u00bbRGBA(255,255,255,0)\u00bb background_enable_color=\u00bbon\u00bb use_background_color_gradient=\u00bbon\u00bb background_color_gradient_stops=\u00bb#F7F3BF 0%|#f2bad5 100%\u00bb global_colors_info=\u00bb{}\u00bb sticky_transition=\u00bbon\u00bb]<\/p>\n<p>Esta es la cuarta etapa, para <strong>Formar y Capacitar a los equipos locales<\/strong>, especialmente al Responsable Local en la <strong>visi\u00f3n, metodolog\u00eda y operatividad san Andr\u00e9s<\/strong>.<\/p>\n<p>[\/et_pb_slide][et_pb_slide heading=\u00bbES HORA DE FORMAR FORMADORES DE EVANGELIZADORES\u00bb button_text=\u00bbEn preparaci\u00f3n&#8230;\u00bb image=\u00bbhttps:\/\/evangelizacion.com\/eesa\/wp-content\/uploads\/2024\/02\/Escultores.png\u00bb _builder_version=\u00bb4.19.2&#8243; _module_preset=\u00bbdefault\u00bb background_color=\u00bbRGBA(255,255,255,0)\u00bb background_enable_color=\u00bbon\u00bb use_background_color_gradient=\u00bbon\u00bb background_color_gradient_stops=\u00bb#F7F3BF 0%|#e09900 100%\u00bb global_colors_info=\u00bb{}\u00bb sticky_transition=\u00bbon\u00bb]<\/p>\n<p>En esta quinta etapa, vamos a suscitar el aprendizaje continuo de refuerzo a trav\u00e9s de la retroalimentaci\u00f3n de los participantes, siempre con la moderaci\u00f3n de parte de personas de Oficina EESA.<\/p>\n<p>[\/et_pb_slide][\/et_pb_slider][\/et_pb_column][\/et_pb_row][\/et_pb_section][et_pb_section fb_built=\u00bb1&#8243; admin_label=\u00bbTodos Somos EESA\u00bb module_id=\u00bbTodosSomosEESA\u00bb _builder_version=\u00bb4.19.2&#8243; _module_preset=\u00bbdefault\u00bb background_image=\u00bbhttps:\/\/evangelizacion.com\/eesa\/wp-content\/uploads\/2024\/02\/background-horizontal-Todos-Somos-EESA.png\u00bb background_enable_mask_style=\u00bbon\u00bb background_mask_style=\u00bbchevrons\u00bb saved_tabs=\u00bball\u00bb collapsed=\u00bboff\u00bb global_colors_info=\u00bb{}\u00bb][et_pb_row _builder_version=\u00bb4.22.1&#8243; _module_preset=\u00bbdefault\u00bb custom_padding=\u00bb||0px||false|false\u00bb global_colors_info=\u00bb{}\u00bb][et_pb_column type=\u00bb4_4&#8243; _builder_version=\u00bb4.22.1&#8243; _module_preset=\u00bbdefault\u00bb global_colors_info=\u00bb{}\u00bb][et_pb_text _builder_version=\u00bb4.19.2&#8243; _module_preset=\u00bbdefault\u00bb custom_margin=\u00bb||-1px|||\u00bb global_colors_info=\u00bb{}\u00bb]<\/p>\n<h2><strong>Etapa 1:<\/strong><\/h2>\n<p>[\/et_pb_text][et_pb_text _builder_version=\u00bb4.19.2&#8243; _module_preset=\u00bb017d36b0-c924-4422-92cf-16cec7b6d6a1&#8243; global_colors_info=\u00bb{}\u00bb]<\/p>\n<h2>todos somos eesa<\/h2>\n<p>[\/et_pb_text][\/et_pb_column][\/et_pb_row][et_pb_row column_structure=\u00bb2_5,3_5&#8243; _builder_version=\u00bb4.19.2&#8243; _module_preset=\u00bbdefault\u00bb custom_padding=\u00bb|0px||||\u00bb global_colors_info=\u00bb{}\u00bb][et_pb_column type=\u00bb2_5&#8243; _builder_version=\u00bb4.19.2&#8243; _module_preset=\u00bbdefault\u00bb global_colors_info=\u00bb{}\u00bb][et_pb_text _builder_version=\u00bb4.19.2&#8243; _module_preset=\u00bb2d64dea4-026f-4ac4-b293-10d5382f8f9f\u00bb text_font_size=\u00bb16px\u00bb global_colors_info=\u00bb{}\u00bb]<\/p>\n<p style=\"text-align: justify;\">Esta primera etapa que consiste en identificar las Escuelas san Andr\u00e9s y aquellas comunidades donde se est\u00e1n dando los cursos del Programa de Formaci\u00f3n.<\/p>\n<p style=\"text-align: justify;\"><strong>Objetivo:<\/strong> Suscitar la aproximaci\u00f3n, el acercamiento y el conocimiento del ser y quehacer de las <strong>Escuelas de Evangelizaci\u00f3n san Andr\u00e9s en todo el mundo<\/strong>, que nos permita <strong>conocer<\/strong> a quienes colaboran como Equipo local de servicio y <strong>comenzar comunicaci\u00f3n<\/strong> peri\u00f3dica y significativa <strong>desde la Oficina Internacional EESA<\/strong>.<\/p>\n<p style=\"text-align: justify;\"><strong>\u00bfQui\u00e9nes pueden participar?<\/strong><\/p>\n<p style=\"text-align: justify;\">Cualquier escuela, parroquia o comunidad que trabaje con los cursos del Programa de Formaci\u00f3n EESA y\/o aplique la Metodolog\u00eda San Andr\u00e9s.<\/p>\n<p style=\"text-align: justify;\"><strong>\u00bfQu\u00e9 hacer para participar?<\/strong><\/p>\n<p style=\"text-align: justify;\">Llenar el formulario que est\u00e1 a continuaci\u00f3n, para hacer contacto entre el Equipo Local EESA y la EESA &#8211; Internacional.<\/p>\n<p>[\/et_pb_text][\/et_pb_column][et_pb_column type=\u00bb3_5&#8243; _builder_version=\u00bb4.22.1&#8243; _module_preset=\u00bbdefault\u00bb global_colors_info=\u00bb{}\u00bb][et_pb_code _builder_version=\u00bb4.19.2&#8243; _module_preset=\u00bbdefault\u00bb global_colors_info=\u00bb{}\u00bb]<iframe loading=\"lazy\" src=\"https:\/\/docs.google.com\/forms\/d\/e\/1FAIpQLSeEIc0BQH-pyfEkWDrZOW_h147ZyhwUecgMomGILiVXWo4rdQ\/viewform?embedded=true\" width=\"640\" height=\"800\" frameborder=\"0\" marginheight=\"0\" marginwidth=\"0\">Cargando\u2026<\/iframe>[\/et_pb_code][\/et_pb_column][\/et_pb_row][\/et_pb_section][et_pb_section fb_built=\u00bb1&#8243; admin_label=\u00bbTodos Somos EESA\u00bb module_id=\u00bbLaboratorioMinisteriosEESA\u00bb _builder_version=\u00bb4.19.2&#8243; _module_preset=\u00bbdefault\u00bb use_background_color_gradient=\u00bbon\u00bb background_color_gradient_stops=\u00bb#F7F3BF 0%|#007FE0 100%\u00bb background_enable_image=\u00bboff\u00bb background_enable_mask_style=\u00bbon\u00bb background_mask_style=\u00bbcorner-paint\u00bb background_mask_color=\u00bb#F7F3BF\u00bb saved_tabs=\u00bball\u00bb collapsed=\u00bboff\u00bb global_colors_info=\u00bb{}\u00bb][et_pb_row _builder_version=\u00bb4.22.1&#8243; _module_preset=\u00bbdefault\u00bb custom_padding=\u00bb||0px||false|false\u00bb global_colors_info=\u00bb{}\u00bb][et_pb_column type=\u00bb4_4&#8243; _builder_version=\u00bb4.22.1&#8243; _module_preset=\u00bbdefault\u00bb global_colors_info=\u00bb{}\u00bb][et_pb_text _builder_version=\u00bb4.19.2&#8243; _module_preset=\u00bbdefault\u00bb custom_margin=\u00bb||-1px|||\u00bb global_colors_info=\u00bb{}\u00bb]<\/p>\n<h2><strong>Etapa 2:<\/strong><\/h2>\n<p>[\/et_pb_text][et_pb_text _builder_version=\u00bb4.26.0&#8243; _module_preset=\u00bb017d36b0-c924-4422-92cf-16cec7b6d6a1&#8243; global_colors_info=\u00bb{}\u00bb]<\/p>\n<h2>LABORATORIO MINISTERIOS EESA<\/h2>\n<p>[\/et_pb_text][\/et_pb_column][\/et_pb_row][et_pb_row _builder_version=\u00bb4.19.2&#8243; _module_preset=\u00bbdefault\u00bb global_colors_info=\u00bb{}\u00bb][et_pb_column type=\u00bb4_4&#8243; _builder_version=\u00bb4.19.2&#8243; _module_preset=\u00bbdefault\u00bb global_colors_info=\u00bb{}\u00bb][et_pb_text _builder_version=\u00bb4.26.0&#8243; _module_preset=\u00bb2d64dea4-026f-4ac4-b293-10d5382f8f9f\u00bb text_font_size=\u00bb16px\u00bb global_colors_info=\u00bb{}\u00bb]<\/p>\n<p style=\"text-align: justify;\">Al paso del tiempo se vive una realidad al reproducir los cursos del <strong>Programa de Formaci\u00f3n San Andr\u00e9s<\/strong>. Se dan cambios sin mala intenci\u00f3n en la forma de desarrollar contenidos, actividades y din\u00e1micas, y esto muchas veces desenfoca objetivos generales y\/o particulares de los cursos.<\/p>\n<p style=\"text-align: justify;\">El <strong>laboratorio<\/strong> es un espacio y momentos que se generan para aprender partiendo de la pr\u00e1ctica, para actualizar la teor\u00eda y redireccionar nuevas pr\u00e1cticas.<\/p>\n<p style=\"text-align: justify;\"><strong>\u00bfC\u00f3mo se lleva a cabo?<\/strong><\/p>\n<p style=\"text-align: justify;\">Virtual, a trav\u00e9s de <strong>Zoom<\/strong>.\u00a0 Ser\u00e1n cinco sesiones sabatinas de tres horas. <em>Es necesario contar con computadora, laptop o tableta con una buena se\u00f1al de internet (no es recomendable el uso de tel\u00e9fono celular).<\/em><\/p>\n<p style=\"text-align: justify;\"><strong>\u00bfCu\u00e1ndo ser\u00e1n las sesiones?<\/strong><\/p>\n<p style=\"text-align: justify;\">Las jornadas ser\u00e1n de <strong>2:00 a 5:00 p.m. <\/strong><em>(Hora de Cd. M\u00e9xico -06:00 GMT).<\/em><\/p>\n<p style=\"text-align: justify;\">Doscientas personas han pasado en las cuatro ediciones anteriores. Ahora ofrecemos <strong>nuevas fechas<\/strong> para continuar con la <strong>Formaci\u00f3n y Capacitaci\u00f3n<\/strong> para una mejor Evangelizaci\u00f3n:<\/p>\n<ul>\n<li style=\"text-align: justify;\">Septiembre 20, 2025.<\/li>\n<li style=\"text-align: justify;\">Octubre 18, 2025.<\/li>\n<li style=\"text-align: justify;\">Noviembre 15, 2025.<\/li>\n<li style=\"text-align: justify;\">Enero 10, 2026.<\/li>\n<li style=\"text-align: justify;\">Enero 31, 2026.<\/li>\n<\/ul>\n<p style=\"text-align: justify;\"><strong>\u00bfQui\u00e9nes pueden participar?<\/strong><\/p>\n<p style=\"text-align: justify;\">Personas activas en un <strong>Equipo local de servicio EESA<\/strong> y que ya hayan tomado:<\/p>\n<ul>\n<li style=\"text-align: justify;\">Los cursos <em>Nueva Vida<\/em>, <em>Ema\u00fas<\/em> y <em>Juan<\/em>.<\/li>\n<\/ul>\n<p style=\"text-align: justify;\"><strong>\u00bfQu\u00e9 hacer para participar?<\/strong><\/p>\n<p style=\"text-align: justify;\">Llenar el formulario que est\u00e1 a continuaci\u00f3n.<\/p>\n<p style=\"text-align: justify;\"><strong>Para m\u00e1s inform\u00e1ci\u00f3n, dir\u00edgete con Angel Robles al correo <em>contacto@evangelizacion.com<\/em><\/strong><\/p>\n<p>[\/et_pb_text][et_pb_code _builder_version=\u00bb4.26.0&#8243; _module_preset=\u00bbdefault\u00bb global_colors_info=\u00bb{}\u00bb]<iframe loading=\"lazy\" src=\"https:\/\/docs.google.com\/forms\/d\/e\/1FAIpQLSeX2mIvflaxsRSeScL47aBA31KAsSwIkZPCrbJpS_ZYaM1TbQ\/viewform?embedded=true\" width=\"1000\" height=\"3000\" frameborder=\"0\" marginheight=\"0\" marginwidth=\"0\">Cargando\u2026<\/iframe>[\/et_pb_code][\/et_pb_column][\/et_pb_row][\/et_pb_section][et_pb_section fb_built=\u00bb1&#8243; admin_label=\u00bbCall to Action\u00bb _builder_version=\u00bb4.19.2&#8243; _module_preset=\u00bbdefault\u00bb use_background_color_gradient=\u00bbon\u00bb background_color_gradient_direction=\u00bb90deg\u00bb background_color_gradient_stops=\u00bbrgba(255,255,255,0) 0%|#6f318f 100%\u00bb background_color_gradient_overlays_image=\u00bbon\u00bb background_image=\u00bbhttps:\/\/evangelizacion.com\/eesa\/wp-content\/uploads\/2024\/02\/tinywow_Echaturedunavezmas_48443957.jpg\u00bb parallax=\u00bbon\u00bb custom_padding=\u00bb0px||0px||true|false\u00bb locked=\u00bboff\u00bb collapsed=\u00bboff\u00bb global_colors_info=\u00bb{}\u00bb][et_pb_row _builder_version=\u00bb4.23.2&#8243; _module_preset=\u00bbdefault\u00bb background_image=\u00bbhttps:\/\/evangelizacion.com\/eesa\/wp-content\/uploads\/2024\/02\/fitness-trainer-background-01@2x.png\u00bb parallax=\u00bbon\u00bb width=\u00bb100%\u00bb max_width=\u00bbnone\u00bb custom_padding=\u00bb15%|10%|10%|10%|false|true\u00bb global_colors_info=\u00bb{}\u00bb][et_pb_column type=\u00bb4_4&#8243; _builder_version=\u00bb4.22.1&#8243; _module_preset=\u00bbdefault\u00bb global_colors_info=\u00bb{}\u00bb][et_pb_text _builder_version=\u00bb4.22.1&#8243; _module_preset=\u00bb017d36b0-c924-4422-92cf-16cec7b6d6a1&#8243; header_2_text_color=\u00bb#000000&#8243; text_orientation=\u00bbright\u00bb width=\u00bb60%\u00bb module_alignment=\u00bbright\u00bb custom_margin=\u00bb||10px||false|false\u00bb global_colors_info=\u00bb{}\u00bb]<\/p>\n<h2>PR\u00d3XIMAMENTE<br \/>LAS SIGUIENTES ETAPAS<\/h2>\n<p>[\/et_pb_text][\/et_pb_column][\/et_pb_row][\/et_pb_section]<\/p>\n","protected":false},"excerpt":{"rendered":"<p>LANZANDO REDES DEL OTRO LADO, es un itinerario de formaci\u00f3n y capacitaci\u00f3n con la finalidad de actualizar en la visi\u00f3n y metodolog\u00eda de la Escuela de Evangelizaci\u00f3n San Andr\u00e9s a las personas que colaboran como parte de un Equipo Local de servicio EESA en cualquier parte del mundo.<\/p>\n","protected":false},"author":1,"featured_media":0,"parent":0,"menu_order":0,"comment_status":"closed","ping_status":"closed","template":"page-template-blank.php","meta":{"_et_pb_use_builder":"on","_et_pb_old_content":"","_et_gb_content_width":"","footnotes":""},"class_list":["post-339","page","type-page","status-publish","hentry"],"_links":{"self":[{"href":"https:\/\/evangelizacion.com\/eesa\/wp-json\/wp\/v2\/pages\/339","targetHints":{"allow":["GET"]}}],"collection":[{"href":"https:\/\/evangelizacion.com\/eesa\/wp-json\/wp\/v2\/pages"}],"about":[{"href":"https:\/\/evangelizacion.com\/eesa\/wp-json\/wp\/v2\/types\/page"}],"author":[{"embeddable":true,"href":"https:\/\/evangelizacion.com\/eesa\/wp-json\/wp\/v2\/users\/1"}],"replies":[{"embeddable":true,"href":"https:\/\/evangelizacion.com\/eesa\/wp-json\/wp\/v2\/comments?post=339"}],"version-history":[{"count":38,"href":"https:\/\/evangelizacion.com\/eesa\/wp-json\/wp\/v2\/pages\/339\/revisions"}],"predecessor-version":[{"id":1127,"href":"https:\/\/evangelizacion.com\/eesa\/wp-json\/wp\/v2\/pages\/339\/revisions\/1127"}],"wp:attachment":[{"href":"https:\/\/evangelizacion.com\/eesa\/wp-json\/wp\/v2\/media?parent=339"}],"curies":[{"name":"wp","href":"https:\/\/api.w.org\/{rel}","templated":true}]}}